{"id":728,"date":"2019-11-14T07:18:04","date_gmt":"2019-11-14T06:18:04","guid":{"rendered":"https:\/\/datenzuhause.at\/?page_id=728"},"modified":"2022-09-12T16:40:01","modified_gmt":"2022-09-12T14:40:01","slug":"datensicherung","status":"publish","type":"page","link":"https:\/\/datenzuhause.at\/?page_id=728","title":{"rendered":"Datensicherung"},"content":{"rendered":"<div  class=\"pricing-5 content-section content-section-spacing\" id=\"pricing-1\" style=\"background-color: rgb(255, 255, 255);\" data-export-id=\"pricing-5\" data-category=\"pricing\" data-id=\"pricing--1\" data-label=\"Pricing\" data-featured-class=\"pricing-featured\"><div  class=\"gridContainer\"> <div  class=\"row\"><div  class=\"section-title-col\" data-type=\"column\"> <h2  class=\"\">Datensicherung ist Vertrauenssache<\/h2> <p  class=\"lead\">Die Sicherung Ihrer Daten erfolgt t\u00e4glich. Diese Daten sind an zwei unabh\u00e4ngigen Standorten gespeichert. Um Ihnen eine rasche Verf\u00fcgbarkeit bieten zu k\u00f6nnen, haben Sie optional die M\u00f6glichkeit unser 24 Stunden-Datenlieferungsservice (garantiert in der Steiermark) zu nutzen.<\/p><\/div> <\/div> <div  class=\"row spaced-cols center-sm\" data-type=\"row\"> <div  class=\"col-xs-12 col-sm-4 text-center \"> <div  class=\"card shadow-small\" data-type=\"column\" data-featured=\"shadow-large\" data-default=\"shadow-small\"> <h3  class=\"font-300 upper\">sicherung<\/h3> <h3  class=\"h1\">\u20ac 50,00<\/h3> <p  class=\"small color1\" data-featured=\"color2\" data-default=\"color1\">monatlich Aufpreis auf Onlinespeicher<\/p> <ul  class=\"unstyled checked decoration-color1 black text-center\"><li >t\u00e4gliche Sicherung<\/li><li >Onlinewiederherstellung<\/li><li >optionale Zusendung der Daten<\/li><li >Schutz vor Schadsoftware<\/li><\/ul> <a class=\"button upper color1\" href=\"https:\/\/datenzuhause.at?page_id=728#cta-1\" target=\"_self\" data-cp-link=\"1\" data-icon=\"\" data-featured=\"color2\" data-default=\"color1\" rel=\"noopener\">jetzt bestellen<\/a><p  class=\"\">Alle Preise in \u20ac inkl. USt.<\/p><\/div> <\/div> <div  class=\"col-xs-12 col-sm-4 text-center pricing-featured\"> <div  class=\"card shadow-large\" data-type=\"column\" data-featured=\"shadow-large\" data-default=\"shadow-small\"> <h3  class=\"font-300 upper\">SICHERUNG 256<\/h3> <h3  class=\"h1\">\u20ac 70,00<\/h3> <p  class=\"small color2\" data-featured=\"color2\" data-default=\"color1\">monatlich Aufpreis auf Onlinespeicher<\/p> <ul  class=\"unstyled checked decoration-color1 black text-center\"><li >t\u00e4gliche Sicherung<\/li><li >256Bit Verschl\u00fcsselung<\/li><li >optionale Zusendung der Daten<\/li><li >Schutz vor Schadsoftware<\/li><\/ul> <a class=\"button upper color2\" href=\"https:\/\/datenzuhause.at?page_id=728#cta-1\" target=\"_self\" data-cp-link=\"1\" data-icon=\"\" data-featured=\"color2\" data-default=\"color1\" rel=\"noopener\">jetzt bestellen<\/a><p  class=\"\">Alle Preise in \u20ac inkl. USt.<\/p><\/div> <\/div> <div  class=\"col-xs-12 col-sm-4 text-center\"> <div  class=\"card shadow-small\" data-type=\"column\" data-featured=\"shadow-large\" data-default=\"shadow-small\"> <h3  class=\"font-300 upper\">SICHERUNG 8760<\/h3> <h3  class=\"h1\">\u20ac 250,00<\/h3> <p  class=\"small color1\" data-featured=\"color2\" data-default=\"color1\">monatlich Aufpreis auf Onlinespeicher<\/p> <ul  class=\"unstyled checked decoration-color1 black text-center\"><li >st\u00fcndliche Sicherung<\/li><li >Onlinewiederherstellung<\/li><li >optionale Zusendung der Daten<\/li><li >Schutz vor Schadsoftware<\/li><\/ul> <a class=\"button upper color1\" href=\"https:\/\/datenzuhause.at?page_id=728#cta-1\" target=\"_self\" data-cp-link=\"1\" data-icon=\"\" data-featured=\"color2\" data-default=\"color1\" rel=\"noopener\">jetzt bestellen<\/a><p  class=\"\">Alle Preise in \u20ac inkl. USt.<\/p><\/div> <\/div><div  class=\"col-xs-12 col-sm-4 text-center\"> <div  class=\"card shadow-small\" data-type=\"column\" data-featured=\"shadow-large\" data-default=\"shadow-small\"> <h3  class=\"font-300 upper\">Datenlieferung<\/h3> <h3  class=\"h1\">\u20ac 220,00<\/h3> <p  class=\"small color1\" data-featured=\"color2\" data-default=\"color1\">je angeforderter Lieferung<\/p> <ul  class=\"unstyled checked decoration-color1 black text-center\"><li >online Anforderung<\/li><li >Kopie des gew\u00fcnschten Backups<\/li><li >Erstellung Datentr\u00e4ger<\/li><li >Expresszusendung innerhalb \u00d6sterreichs<\/li><\/ul> <a class=\"button upper color1\" href=\"https:\/\/datenzuhause.at?page_id=728#cta-1\" target=\"_self\" data-cp-link=\"1\" data-icon=\"\" data-featured=\"color2\" data-default=\"color1\" rel=\"noopener\">jetzt bestellen<\/a><p  class=\"\">Alle Preise in \u20ac inkl. USt.<\/p><\/div> <\/div><div  class=\"col-xs-12 col-sm-4 text-center pricing-featured\"> <div  class=\"card shadow-large\" data-type=\"column\" data-featured=\"shadow-large\" data-default=\"shadow-small\"> <h3  class=\"font-300 upper\">Datenlieferung 24<\/h3> <h3  class=\"h1\">\u20ac 500,00<\/h3> <p  class=\"small color2\" data-featured=\"color2\" data-default=\"color1\">je angeforderter Lieferung<\/p> <ul  class=\"unstyled checked decoration-color1 black text-center\"><li >online Anforderung<\/li><li >Wiederherstellung des gew\u00fcnschten Backups<\/li><li >Erstellung Datentr\u00e4ger (max 1TB)<\/li><li >pers\u00f6nliche Zustellung binnen 24 Stunden in der Steiermark (*)<\/li><\/ul> <a class=\"button upper color2\" href=\"https:\/\/datenzuhause.at?page_id=728#cta-1\" target=\"_self\" data-cp-link=\"1\" data-icon=\"\" data-featured=\"color2\" data-default=\"color1\" rel=\"noopener\">jetzt bestellen<\/a><p  class=\"\"><span  id=\"_mce_caret\" data-mce-bogus=\"1\" data-mce-type=\"format-caret\">\ufeff<\/span><sup >*) Zustellung binnen 24 Stunden ausser unvorhergesehenes (Naturkatastrophen, o. \u00e4.)<\/sup>\n<br >Alle Preise in \u20ac inkl. USt.<\/p><\/div> <\/div><\/div> <\/div><\/div><div  class=\"content-5-2 content-section content-section-spacing\" id=\"content-1\" style=\"background-color: rgb(245, 250, 253);\" data-export-id=\"content-5-2\" data-category=\"content\" data-id=\"content--1\" data-label=\"Content\"><div  class=\"gridContainer\"> <div  class=\"row text-center\"><div  class=\"section-title-col\" data-type=\"column\"> <h2  class=\"\">Wir finden das richtige Datensicherungsmodell f\u00fcr Sie<\/h2> <p  class=\"lead\">Auf Ihren Wunsch erarbeiten wir gerne ensprechend Ihrer Bed\u00fcrfnisse das ideale Sicherungskonzept und setzen dieses auch mit Ihnen gemeinsam um.<\/p><\/div> <\/div> <div  class=\"row middle-sm\"> <div  class=\"col-sm-6 flexbox around-xs top-xs\"> <div  class=\"overlay-box flexbox middle-xs center-xs overlay-holder\"> <div  class=\"overlay-box-offset offset-background shadow-medium bg-color2 hide-xs\"><\/div> <img decoding=\"async\"  title=\"cropped-office-594132_1920.jpg\" class=\"flexbox shadow-large img1\" alt=\"Datensicherung\" src=\"https:\/\/datenzuhause.at\/wp-content\/uploads\/2019\/11\/cropped-office-594132_1920.jpg\" data-size=\"485x632\"><\/div> <\/div> <div  class=\"col-sm-6 space-bottom-xs second-column\"> <div  class=\"row space-bottom content-holder\" data-type=\"column\"> <h3  class=\"color2\">Schnelle Verf\u00fcgbarkeit<\/h3> <p  class=\"\">Sie kennen Ihre Bed\u00fcrfnisse \u2013 wir die L\u00f6sung!<br >Das Thema Datensicherung ist ein sehr komplexes. Es gibt sehr viele Varianten, aber wahrscheinlich nur einen sinnvolle f\u00fcr Sie.<\/p><\/div> <div  class=\"row\" data-type=\"row\"><div  class=\"col-sm-6 space-bottom\"> <i  class=\"fa icon fa-codepen medium color1\"><\/i> <h5  class=\"\">T\u00c4GLICHES BACKUP<\/h5> <p  class=\"\">Einmal t\u00e4glich wird eine Kopie Ihrer Daten angefertigt und in unseren beiden Rechenzentren abgelegt.<\/p><\/div> <div  class=\"col-sm-6 space-bottom\"><i  class=\"fa icon fa-codepen medium color1\"><\/i> <h5  class=\"\">ST\u00dcNDLICHES BACKUP<\/h5> <p  class=\"\">Das st\u00fcndliche Backup bietet Ihnen die M\u00f6glickeit, auch bei vielen Bearbeitungen mit geringem Datenverlust eine Wiederherstellung durchzuf\u00fchren.<\/p><\/div>   <\/div><\/div> <\/div><\/div> <\/div><div  data-label=\"Cta\" data-id=\"cta--1\" data-export-id=\"cta-centered-section-grid\" data-category=\"cta\" class=\"cta-centered-section-grid content-section content-section-spacing-medium bg-color1 white-text\" id=\"cta-1\" style=\"background-image: url(&quot;https:\/\/datenzuhause.at\/wp-content\/uploads\/2019\/11\/data-2764823-e1584465894105.jpg&quot;); background-size: cover; background-position: center top;\"><div  class=\"gridContainer\"> <div  class=\"row text-center\"><div  class=\"col-xs-12 col-sm-10 col-sm-offset-1 col-md-8 col-md-offset-2\" data-type=\"column\"> <h2  class=\"\">Der pers\u00f6nliche Kontakt ist uns wichtig<\/h2><p  class=\"lead\">Sollten wir Ihr Interesse geweckt haben, oder Sie haben noch Fragen, bitte rufen Sie uns unter 0316\/225 333 800 an oder<\/p>  <a class=\"button color2 round\" href=\"mailto:office@datenzuhause.at\" target=\"_self\" data-cp-link=\"1\" data-icon=\"\" rel=\"noopener\">schreiben Sie uns<\/a><\/div> <\/div><\/div> <\/div>","protected":false},"excerpt":{"rendered":"<p>Datensicherung ist Vertrauenssache Die Sicherung Ihrer Daten erfolgt t\u00e4glich. Diese Daten sind an zwei unabh\u00e4ngigen Standorten gespeichert. Um Ihnen eine rasche Verf\u00fcgbarkeit bieten zu k\u00f6nnen, haben Sie optional die M\u00f6glichkeit unser 24 Stunden-Datenlieferungsservice (garantiert in der Steiermark) zu nutzen. sicherung \u20ac 50,00 monatlich Aufpreis auf Onlinespeicher t\u00e4gliche SicherungOnlinewiederherstellungoptionale Zusendung der DatenSchutz vor Schadsoftware jetzt bestellenAlle&hellip; <br \/> <a class=\"read-more\" href=\"https:\/\/datenzuhause.at\/?page_id=728\">Read more<\/a><\/p>\n","protected":false},"author":1,"featured_media":0,"parent":0,"menu_order":0,"comment_status":"closed","ping_status":"closed","template":"pro\/page-templates\/full-width-page.php","meta":{"footnotes":""},"_links":{"self":[{"href":"https:\/\/datenzuhause.at\/index.php?rest_route=\/wp\/v2\/pages\/728"}],"collection":[{"href":"https:\/\/datenzuhause.at\/index.php?rest_route=\/wp\/v2\/pages"}],"about":[{"href":"https:\/\/datenzuhause.at\/index.php?rest_route=\/wp\/v2\/types\/page"}],"author":[{"embeddable":true,"href":"https:\/\/datenzuhause.at\/index.php?rest_route=\/wp\/v2\/users\/1"}],"replies":[{"embeddable":true,"href":"https:\/\/datenzuhause.at\/index.php?rest_route=%2Fwp%2Fv2%2Fcomments&post=728"}],"version-history":[{"count":1,"href":"https:\/\/datenzuhause.at\/index.php?rest_route=\/wp\/v2\/pages\/728\/revisions"}],"predecessor-version":[{"id":1334,"href":"https:\/\/datenzuhause.at\/index.php?rest_route=\/wp\/v2\/pages\/728\/revisions\/1334"}],"wp:attachment":[{"href":"https:\/\/datenzuhause.at\/index.php?rest_route=%2Fwp%2Fv2%2Fmedia&parent=728"}],"curies":[{"name":"wp","href":"https:\/\/api.w.org\/{rel}","templated":true}]}}