{"id":616,"date":"2019-11-12T15:15:44","date_gmt":"2019-11-12T14:15:44","guid":{"rendered":"https:\/\/datenzuhause.at\/?page_id=616"},"modified":"2022-09-12T16:35:23","modified_gmt":"2022-09-12T14:35:23","slug":"onlinespeicher","status":"publish","type":"page","link":"https:\/\/datenzuhause.at\/?page_id=616","title":{"rendered":"Onlinespeicher"},"content":{"rendered":"<div  data-label=\"Pricing\" data-id=\"pricing--1\" data-export-id=\"pricing-5\" data-category=\"pricing\" data-featured-class=\"pricing-featured\" class=\"pricing-5 content-section content-section-spacing\" id=\"pricing-1\" style=\"background-color: rgb(255, 255, 255);\"><div  class=\"gridContainer\"> <div  class=\"row\"><div  data-type=\"column\" class=\"section-title-col\"> <h2  class=\"\">Ihre Daten bleiben in der Steiermark<\/h2> <p  class=\"lead\">Sicherheit f\u00fcr Ihre Daten steht bei uns im Vordergrund. <span  style=\"font-weight: 400;\">Unsere Server stehen alle in der Steiermark!<\/span> Ein wesentlicher Sicherheitsaspekt ist alleine schon, dass Ihre Daten \u00d6sterreich niemals verlassen und die Wege m\u00f6glichst kurz und damit auch sicher sind. Der gesamte Datenaustausch erfolgt mit Point to Point Verschl\u00fcsselung.<\/p><\/div> <\/div> <div  data-type=\"row\" class=\"row spaced-cols center-sm\"> <div  class=\"col-xs-12 col-sm-4 text-center \"> <div  data-default=\"shadow-small\" data-featured=\"shadow-large\" data-type=\"column\" class=\"card shadow-small\"> <h3  class=\"font-300 upper\">CLOUD pur<\/h3> <h3  class=\"h1\">\u20ac 50,00<\/h3> <p  data-default=\"color1\" data-featured=\"color2\" class=\"small color1\">monatlich<\/p> <ul  class=\"unstyled checked decoration-color1 black text-center\"><li >1TB Speicherplatz<\/li><li >Exchange Service (Mail, Kontakte, Kalender)<\/li><li >keine Einrichtungsgeb\u00fchren<\/li><\/ul> <a data-default=\"color1\" data-featured=\"color2\" class=\"button upper color1\" href=\"https:\/\/datenzuhause.at?page_id=650\" target=\"_self\" data-cp-link=\"1\" data-icon=\"\" rel=\"noopener noreferrer\">mehr erfahren<\/a><p  class=\"\">Alle Preise in \u20ac inkl. USt.<\/p><\/div> <\/div> <div  class=\"col-xs-12 col-sm-4 text-center pricing-featured\"> <div  data-default=\"shadow-small\" data-featured=\"shadow-large\" data-type=\"column\" class=\"card shadow-large\"> <h3  class=\"font-300 upper\">Alles was Sie brauchen<\/h3> <h3  class=\"h1\">\u20ac 200,00<\/h3> <p  data-default=\"color1\" data-featured=\"color2\" class=\"small color2\">monatlich<\/p> <ul  class=\"unstyled checked decoration-color1 black text-center\"><li >eigener Server <\/li><li >Onlinedokumentenbearbeitung<\/li><li >Exchange Service (Mail, Kontakte, Kalender)<\/li><li >Chatfunktion<\/li><li >Webserver<\/li><\/ul> <a data-default=\"color1\" data-featured=\"color2\" class=\"button upper color2\" href=\"https:\/\/datenzuhause.at?page_id=652\" target=\"_self\" data-cp-link=\"1\" data-icon=\"\" rel=\"noopener noreferrer\">mehr erfahren<\/a><p  class=\"\">Alle Preise in \u20ac inkl. USt.<\/p><\/div> <\/div> <div  class=\"col-xs-12 col-sm-4 text-center \"> <div  data-default=\"shadow-small\" data-featured=\"shadow-large\" data-type=\"column\" class=\"card shadow-small\"> <h3  class=\"font-300 upper\">Das wichtigste<\/h3> <h3  class=\"h1\">\u20ac 100,00<\/h3> <p  data-default=\"color1\" data-featured=\"color2\" class=\"small color1\">monatlich<\/p> <ul  class=\"unstyled checked decoration-color1 black text-center\"><li >1TB Speicherplatz<\/li><li >Exchange Service (Mail, Kontakte, Kalender)<\/li><li >t\u00e4gliches Backup<\/li><\/ul> <a data-default=\"color1\" data-featured=\"color2\" class=\"button upper color1\" href=\"https:\/\/datenzuhause.at?page_id=654\" target=\"_self\" data-cp-link=\"1\" data-icon=\"\" rel=\"noopener noreferrer\">mehr erfahren<\/a><p  class=\"\">Alle Preise in \u20ac inkl. USt.<\/p><\/div> <\/div><\/div> <\/div><\/div>","protected":false},"excerpt":{"rendered":"<p>Ihre Daten bleiben in der Steiermark Sicherheit f\u00fcr Ihre Daten steht bei uns im Vordergrund. Unsere Server stehen alle in der Steiermark! Ein wesentlicher Sicherheitsaspekt ist alleine schon, dass Ihre Daten \u00d6sterreich niemals verlassen und die Wege m\u00f6glichst kurz und damit auch sicher sind. Der gesamte Datenaustausch erfolgt mit Point to Point Verschl\u00fcsselung. CLOUD pur&hellip; <br \/> <a class=\"read-more\" href=\"https:\/\/datenzuhause.at\/?page_id=616\">Read more<\/a><\/p>\n","protected":false},"author":1,"featured_media":0,"parent":0,"menu_order":0,"comment_status":"closed","ping_status":"closed","template":"pro\/page-templates\/full-width-page.php","meta":{"footnotes":""},"_links":{"self":[{"href":"https:\/\/datenzuhause.at\/index.php?rest_route=\/wp\/v2\/pages\/616"}],"collection":[{"href":"https:\/\/datenzuhause.at\/index.php?rest_route=\/wp\/v2\/pages"}],"about":[{"href":"https:\/\/datenzuhause.at\/index.php?rest_route=\/wp\/v2\/types\/page"}],"author":[{"embeddable":true,"href":"https:\/\/datenzuhause.at\/index.php?rest_route=\/wp\/v2\/users\/1"}],"replies":[{"embeddable":true,"href":"https:\/\/datenzuhause.at\/index.php?rest_route=%2Fwp%2Fv2%2Fcomments&post=616"}],"version-history":[{"count":1,"href":"https:\/\/datenzuhause.at\/index.php?rest_route=\/wp\/v2\/pages\/616\/revisions"}],"predecessor-version":[{"id":1332,"href":"https:\/\/datenzuhause.at\/index.php?rest_route=\/wp\/v2\/pages\/616\/revisions\/1332"}],"wp:attachment":[{"href":"https:\/\/datenzuhause.at\/index.php?rest_route=%2Fwp%2Fv2%2Fmedia&parent=616"}],"curies":[{"name":"wp","href":"https:\/\/api.w.org\/{rel}","templated":true}]}}