{"id":45,"date":"2018-10-10T16:27:47","date_gmt":"2018-10-10T14:27:47","guid":{"rendered":"https:\/\/thalerriesen.at\/?page_id=45"},"modified":"2022-03-04T10:37:53","modified_gmt":"2022-03-04T09:37:53","slug":"ueber-uns","status":"publish","type":"page","link":"https:\/\/datenzuhause.at\/?page_id=45","title":{"rendered":"\u00fcber uns"},"content":{"rendered":"<div  data-label=\"Content\" data-id=\"content--1\" data-export-id=\"content-7\" data-category=\"content\" class=\"content-7 content-section content-section-spacing\" id=\"content-1\" style=\"background-color: rgb(255, 255, 255); background-image: none;\"><div  class=\"gridContainer\"> <div  class=\"row middle-sm\"><div  class=\"col-sm-6 space-bottom-xs\" data-type=\"column\"> <h2  class=\"\">Warum wir das tun!<\/h2> <p  class=\"\">Michael Rumbold (GF datenzuhause GmbH): \u201eIn unserem Unternehmen, der Soljoy GmbH, hatten wir immer wieder die gleiche Aufgabenstellung \u2013 wir verwalten f\u00fcr unsere Kunden sehr gro\u00dfe Datenmengen, welche wir sicher aufbewahren m\u00fcssen, diese aber auch in Echtzeit und von \u00fcberall aus jederzeit schnell abrufbar sein m\u00fcssen.\u201c Wir wollten unseren Standort schon nach Graz verlegen, um endlich schnelles Internet zu bekommen. Bei einem Telefonat mit einem der gro\u00dfen Internetanbieter kam mir die z\u00fcndende Idee \u2013<\/p> <p  class=\"lead\">\u201ewir machen unser Internet selbst!\u201c<\/p><p  class=\"\">So ist aus der Not eine Tugend und zu gleich unsere St\u00e4rke entstanden. Wir haben L\u00f6sungen geschaffen, die selbst f\u00fcr uns zuerst nicht vorstellbar waren.<\/p><p  class=\"\"><\/p><ul  class=\"\"><li >schnelles Internet f\u00fcr Thal<\/li><li >E-Mail<\/li><li >Webspace<\/li><li >Cloudspeicher inkl. Online-Dokumentenbearbeitung<\/li><li >Backupdienst (inkl. 24 Stunden Lieferung Ihres Backups auf Festplatte)<\/li><\/ul><p  class=\"\">Wir bringen schnelles Internet mit unserem Glasfaser Partner bis nach \nThal und jetzt Bandbreite (= schnelles Internet) in jedes Haus.<br >Wir arbeiten mit Hochdruck am Ausbau des Netzes und an der Verf\u00fcgbarkeit der Clouddienste. <\/p><\/div> <div  class=\"col-sm-6\" data-type=\"column\"> <img decoding=\"async\"  class=\"shadow-large\" src=\"https:\/\/datenzuhause.at\/wp-content\/uploads\/2019\/11\/cropped-team.jpg\" alt=\"\u00fcber uns\" title=\"cropped-team.jpg\"><\/div> <\/div><\/div> <\/div>","protected":false},"excerpt":{"rendered":"<p>Warum wir das tun! Michael Rumbold (GF datenzuhause GmbH): \u201eIn unserem Unternehmen, der Soljoy GmbH, hatten wir immer wieder die gleiche Aufgabenstellung \u2013 wir verwalten f\u00fcr unsere Kunden sehr gro\u00dfe Datenmengen, welche wir sicher aufbewahren m\u00fcssen, diese aber auch in Echtzeit und von \u00fcberall aus jederzeit schnell abrufbar sein m\u00fcssen.\u201c Wir wollten unseren Standort schon&hellip; <br \/> <a class=\"read-more\" href=\"https:\/\/datenzuhause.at\/?page_id=45\">Read more<\/a><\/p>\n","protected":false},"author":1,"featured_media":313,"parent":0,"menu_order":0,"comment_status":"closed","ping_status":"closed","template":"pro\/page-templates\/full-width-page.php","meta":{"footnotes":""},"_links":{"self":[{"href":"https:\/\/datenzuhause.at\/index.php?rest_route=\/wp\/v2\/pages\/45"}],"collection":[{"href":"https:\/\/datenzuhause.at\/index.php?rest_route=\/wp\/v2\/pages"}],"about":[{"href":"https:\/\/datenzuhause.at\/index.php?rest_route=\/wp\/v2\/types\/page"}],"author":[{"embeddable":true,"href":"https:\/\/datenzuhause.at\/index.php?rest_route=\/wp\/v2\/users\/1"}],"replies":[{"embeddable":true,"href":"https:\/\/datenzuhause.at\/index.php?rest_route=%2Fwp%2Fv2%2Fcomments&post=45"}],"version-history":[{"count":27,"href":"https:\/\/datenzuhause.at\/index.php?rest_route=\/wp\/v2\/pages\/45\/revisions"}],"predecessor-version":[{"id":991,"href":"https:\/\/datenzuhause.at\/index.php?rest_route=\/wp\/v2\/pages\/45\/revisions\/991"}],"wp:featuredmedia":[{"embeddable":true,"href":"https:\/\/datenzuhause.at\/index.php?rest_route=\/wp\/v2\/media\/313"}],"wp:attachment":[{"href":"https:\/\/datenzuhause.at\/index.php?rest_route=%2Fwp%2Fv2%2Fmedia&parent=45"}],"curies":[{"name":"wp","href":"https:\/\/api.w.org\/{rel}","templated":true}]}}