{"id":441,"date":"2019-11-09T14:20:18","date_gmt":"2019-11-09T13:20:18","guid":{"rendered":"https:\/\/datenzuhause.at\/?page_id=441"},"modified":"2025-03-24T07:37:15","modified_gmt":"2025-03-24T06:37:15","slug":"startseite","status":"publish","type":"page","link":"https:\/\/datenzuhause.at\/","title":{"rendered":"Startseite"},"content":{"rendered":"<div  data-label=\"symbole\" data-id=\"overlappable--2\" data-export-id=\"overlappable-4\" data-category=\"overlappable\" class=\"overlappable-4 content-section content-section-spacing\" data-overlap=\"true\" id=\"symbole\" style=\"background-color: rgb(255, 255, 255);\">\n<div  class=\"gridContainer\">\n<div  data-type=\"row\" class=\"row spaced-cols text-center\">\n<div  class=\"col-xs-12 col-sm-4 col-padding col-md-4 \"> <a data-cp-link=\"1\" href=\"https:\/\/datenzuhause.at?page_id=616\" target=\"_self\" rel=\"noopener noreferrer\"><i  class=\"fa icon shadow-large-black aligncenter fa-cloud reverse round large color1\"><\/i><\/a>\n<div  data-type=\"column\" class=\"\">\n<h5  class=\"\">Onlinespeicher<\/h5>\n<p  class=\"\">Serverstandort in der Steiermark!<\/p>\n\n<\/div>\n<\/div>\n<div  class=\"col-xs-12 col-sm-4 col-padding col-md-4 \"> <a data-cp-link=\"1\" href=\"https:\/\/datenzuhause.at?page_id=652#mail\" target=\"_self\" rel=\"noopener noreferrer\"><i  class=\"fa icon shadow-large-black aligncenter fa-globe reverse round large color1\"><\/i><\/a>\n<div  data-type=\"column\" class=\"\">\n<h5  class=\"\">ExchangeService<\/h5>\n<p  class=\"\">\nE-Mail, Kontakte und Kalendereint\u00e4gen auf alle Ihren Ger\u00e4ten.<\/p>\n\n<\/div>\n<\/div>\n<div  class=\"col-xs-12 col-sm-4 col-padding col-md-4 \"> <a data-cp-link=\"1\" href=\"https:\/\/datenzuhause.at?page_id=728#content-1\" target=\"_self\" rel=\"noopener noreferrer\"><i  class=\"fa icon shadow-large-black aligncenter fa-archive reverse round large color1\"><\/i><\/a>\n<div  data-type=\"column\" class=\"\">\n<h5  class=\"\">Backupservice<\/h5>\n<p  class=\"\">24 Stunden \u201a\n\nWiederherstellungsservice in der Steiermark<\/p>\n\n<\/div>\n<\/div>\n<\/div>\n<\/div>\n<\/div><div  data-label=\"Produkte Internet\" data-id=\"features--1\" data-export-id=\"features-16-card-bordered\" data-category=\"features\" class=\"features-16-card-bordered content-section content-section-spacing\" id=\"produkte-internet\" style=\"background-color: rgb(245, 250, 253); background-size: cover; background-position: center top; background-image: none;\">\n<div  class=\"gridContainer\">\n<div  class=\"row text-center\">\n<div  class=\"section-title-col\" data-type=\"column\">\n<h2  class=\"\">Internet f\u00fcr Thal wie es sein soll<\/h2>\n<p  class=\"lead\">Wir bringen schnelles Internet mit unserem Glasfaser Partner bis nach Thal und jetzt Bandbreite (= schnelles Internet) in jedes Haus. Wir arbeiten mit Hochdruck am Ausbau des Netzes und an der Verf\u00fcgbarkeit der Clouddienste.<\/p>\n<p  class=\"lead\">Sollten Sie Fragen zum Thema <span  style=\"font-weight: 700;\">Internet in Thal<\/span> haben, rufen Sie einfach an!<\/p>\n\n<h1  class=\"\">0316\/225 333 800<\/h1>\n<\/div>\n<\/div>\n<div  class=\"row spaced-cols\" data-type=\"row\">\n<div  class=\"col-xs-12 col-sm-6 col-md-4\">\n<div  class=\"card no-padding bordered y-move\"> <img  decoding=\"async\" class=\"face\" src=\"https:\/\/datenzuhause.at\/wp-content\/uploads\/2019\/11\/cropped-043.jpg\" alt=\"Startseite\" title=\"cropped-043.jpg\">\n<div  data-type=\"column\" class=\"col-padding-small col-padding-small-xs description-container\">\n<h4  class=\"font-500\">Thal 50Mbit\/s<\/h4>\n<p  class=\"\">HD Streamen, Videos herunter laden, Musik h\u00f6ren und Internet serven mit 2 Ger\u00e4ten gleichzeitig \u2013 dann ist Thal 50 f\u00fcr Sie das Richtige.<\/p>\n\n<\/div>\n<div  data-type=\"column\" class=\"col-padding-small col-padding-small-xs read-more-container\"><a class=\"read-more\" href=\"https:\/\/datenzuhause.at?page_id=343\" target=\"_self\" data-cp-link=\"1\" rel=\"noopener noreferrer\">mehr erfahren<\/a><\/div>\n<\/div>\n<\/div>\n<div  class=\"col-xs-12 col-sm-6 col-md-4\">\n<div  class=\"card no-padding bordered y-move\"> <img  decoding=\"async\" class=\"face\" src=\"https:\/\/datenzuhause.at\/wp-content\/uploads\/2019\/11\/cropped-023.jpg\" alt=\"Startseite\" title=\"cropped-023.jpg\">\n<div  data-type=\"column\" class=\"col-padding-small col-padding-small-xs description-container\">\n<h4  class=\"font-500\">Thal 100Mbit\/s<\/h4>\n<p  class=\"\">UHD Streamen, gro\u00dfe Dateien herunter laden und das auf mehreren Ger\u00e4ten gleichzeitig \u2013 dann ist Thal 100 das Richtige f\u00fcr Sie.<\/p>\n\n<\/div>\n<div  data-type=\"column\" class=\"col-padding-small col-padding-small-xs read-more-container\"><a class=\"read-more\" href=\"https:\/\/datenzuhause.at?page_id=343\" target=\"_self\" data-cp-link=\"1\" rel=\"noopener noreferrer\">mehr erfahren<\/a><\/div>\n<\/div>\n<\/div>\n<div  class=\"col-xs-12 col-sm-6 col-md-4\">\n<div  class=\"card no-padding bordered y-move\"> <img  decoding=\"async\" class=\"face\" src=\"https:\/\/datenzuhause.at\/wp-content\/uploads\/2019\/11\/cropped-034.jpg\" alt=\"Startseite\" title=\"cropped-034.jpg\">\n<div  data-type=\"column\" class=\"col-padding-small col-padding-small-xs description-container\">\n<h4  class=\"font-500\">Thal 100Mbit\/s business<\/h4>\n<p  class=\"\">Sie brauchen nicht nur die volle Bandbreite sondern auch eine fixe IP Adresse (IPv4) \u2013 dann ist Thal 100 business f\u00fcr Sie genau das Richtige.<\/p>\n\n<\/div>\n<div  data-type=\"column\" class=\"col-padding-small col-padding-small-xs read-more-container\"><a class=\"read-more\" href=\"https:\/\/datenzuhause.at?page_id=343\" target=\"_self\" data-cp-link=\"1\" rel=\"noopener noreferrer\">mehr erfahren<\/a><\/div>\n<\/div>\n<\/div>\n<\/div>\n<\/div>\n<\/div><div  data-label=\"Teamwork\" data-id=\"about--2\" data-export-id=\"about-9\" data-category=\"about\" class=\"about-9 content-section content-section-spacing\" id=\"teamwork\" style=\"background-color: rgb(255, 255, 255);\">\n<div  class=\"gridContainer\">\n<div  class=\"row middle-sm text-center\">\n<div  class=\"col-sm-5 space-bottom-xs content-column content-right-sm\" data-type=\"column\">\n<h5  class=\"\"><\/h5>\n<h5  class=\"\">Teamwork<\/h5>\n<h2  class=\"\" style=\"border-bottom-color: rgb(0, 124, 48);\">Egal wo Sie sind\n\nL\u00f6sungen gemeinsam erarbeiten<\/h2>\n<p  class=\"\">Textdokumente, Tabellenkalkulationen oder Pr\u00e4sentationen gemeinsam entwickeln. Sie sehen immer alle Arbeitsschritte Ihrer Kolleginnen und Kollegen. So k\u00f6nnen Sie Ihrer Kreativit\u00e4t freien Lauf lassen und m\u00fcssen sich nicht um die Technik k\u00fcmmern.<\/p>\n <a class=\"button color1\" href=\"https:\/\/datenzuhause.at?page_id=616\" target=\"_self\" data-cp-link=\"1\" data-icon=\"\" rel=\"noopener noreferrer\">mehr erfahren<\/a>\n\n<\/div>\n<div  class=\"col-sm-7 flexbox flexbox middle-xs center-xs space-bottom-xs\">\n<div  class=\"overlay-box flexbox middle-xs center-xs overlay-holder \">\n<div  class=\"overlay-box-offset offset-background shadow-medium bg-color2 hide-xs\"><\/div>\n<img  decoding=\"async\" class=\"flexbox shadow-large img1\" src=\"https:\/\/datenzuhause.at\/wp-content\/uploads\/2019\/11\/cropped-children-1822559_1920-5.jpg\" data-size=\"600x400\" alt=\"Startseite\" title=\"cropped-children-1822559_1920-5.jpg\">\n\n<\/div>\n<\/div>\n<\/div>\n<\/div>\n<\/div><div  id=\"produkte-online\" style=\"background-color: #f5fafd;\" data-label=\"Produkte online\" data-id=\"features-16-card-bordered\" data-export-id=\"features-16-card-bordered\" data-category=\"features\" class=\"features-16-card-bordered content-section content-section-spacing\">\n<div  class=\"gridContainer\">\n<div  class=\"row text-center\">\n<div  class=\"section-title-col\" data-type=\"column\">\n<h2  class=\"\">Sicher ist sicher<\/h2>\n<p  class=\"lead\">Als steirisches Unternehmen ist es uns ein Anliegen unseren Kunden auch in schwierigen Situationen zur Seite zu stehen. Wir bieten Ihnen die M\u00f6glichkeit, zB im Falle eines kompletten Datenverlustes, Ihre Daten binnen 24 Stunden auf einem Datentr\u00e4ger zu Ihnen zu bringen.<\/p>\n\n<\/div>\n<\/div>\n<div  class=\"row spaced-cols\" data-type=\"row\">\n<div  class=\"col-xs-12 col-sm-6 col-md-4\">\n<div  class=\"card no-padding bordered y-move\"> <img  decoding=\"async\" class=\"face\" src=\"https:\/\/datenzuhause.at\/wp-content\/uploads\/2019\/11\/cropped-team-1-2.jpg\" alt=\"Startseite\" title=\"cropped-team-1-2.jpg\">\n<div  data-type=\"column\" class=\"col-padding-small col-padding-small-xs description-container\">\n<h4  class=\"font-500\">Onlinezusammenarbeit<\/h4>\n<p  class=\"\">Sie k\u00f6nnen Ihre Dokumente online bearbeiten ohne weitere Lizenzkosten, egal ob PC, Laptop, Tablet oder Handy.<\/p>\n\n<\/div>\n<div  data-type=\"column\" class=\"col-padding-small col-padding-small-xs read-more-container\"><a class=\"read-more\" href=\"https:\/\/datenzuhause.at?page_id=652#zusammen\" target=\"_self\" data-cp-link=\"1\" rel=\"noopener noreferrer\">mehr erfahren<\/a><\/div>\n<\/div>\n<\/div>\n<div  class=\"col-xs-12 col-sm-6 col-md-4\">\n<div  class=\"card no-padding bordered y-move\"> <img  decoding=\"async\" class=\"face\" src=\"https:\/\/datenzuhause.at\/wp-content\/uploads\/2019\/11\/cropped-data-2764823-1.jpg\" alt=\"Startseite\" title=\"cropped-data-2764823-1.jpg\">\n<div  data-type=\"column\" class=\"col-padding-small col-padding-small-xs description-container\">\n<h4  class=\"font-500\">Datensicherung<\/h4>\n<p  class=\"\">Alle Daten werden nach der Bearbeitung umgehend auf unsere Server geladen.\n&nbsp;Die Synchronisation erfolgt automatisch.<\/p>\n\n<\/div>\n<div  data-type=\"column\" class=\"col-padding-small col-padding-small-xs read-more-container\"><a class=\"read-more\" href=\"https:\/\/datenzuhause.at?page_id=728#content-1\" target=\"_self\" data-cp-link=\"1\" rel=\"noopener noreferrer\">mehr erfahren<\/a><\/div>\n<\/div>\n<\/div>\n<div  class=\"col-xs-12 col-sm-6 col-md-4\">\n<div  class=\"card no-padding bordered y-move\"> <img  decoding=\"async\" class=\"face\" src=\"https:\/\/datenzuhause.at\/wp-content\/uploads\/2019\/11\/cropped-hole-kartenlocher-62897-2.jpg\" alt=\"Startseite\" title=\"cropped-hole-kartenlocher-62897-2.jpg\">\n<div  data-type=\"column\" class=\"col-padding-small col-padding-small-xs description-container\">\n<h4  class=\"font-500\">Datenwiederherstellung<\/h4>\n<p  class=\"\">Alle gespeicherten Daten werden auf Ihren Wunsch auf einen Datentr\u00e4ger kopiert und so schnell wie m\u00f6glich an Sie geliefert.<\/p>\n\n<\/div>\n<div  data-type=\"column\" class=\"col-padding-small col-padding-small-xs read-more-container\"><a class=\"read-more\" href=\"https:\/\/datenzuhause.at?page_id=728\" target=\"_self\" data-cp-link=\"1\" rel=\"noopener noreferrer\">mehr erfahren<\/a><\/div>\n<\/div>\n<\/div>\n<\/div>\n<\/div>\n<\/div><div  id=\"team\" style=\"background-color: rgb(255, 255, 255); background-image: none;\" data-label=\"Team\" data-id=\"content-2\" data-export-id=\"content-2\" data-category=\"content\" class=\"content-2 content-section content-section-spacing\">\n<div >\n<div  class=\"row middle-xs\">\n<div  class=\"col-sm-5 bg-image shadow-large-black\" data-bg=\"image\" style=\"background-image: url(&quot;https:\/\/datenzuhause.at\/wp-content\/uploads\/2019\/11\/team1_1920.png&quot;);\"><\/div>\n<div  class=\"col-sm-7 full-col-left-padding full-col-right-padding\">\n<div  class=\"row\">\n<div  data-type=\"column\" class=\"space-bottom-small content-title-col\">\n<h5  class=\"\">Steirische L\u00f6sung<\/h5>\n<h2  class=\"\">Das Geheimnis des Erfolgs<\/h2>\n<p  class=\"lead\">Wir nehmen uns die Zeit mit Ihnen eine ma\u00dfgeschneiderte L\u00f6sung zu finden und setzen diese auch um!<\/p>\n\n<\/div>\n<\/div>\n<div  class=\"row spaced-cols \" data-type=\"row\">\n<div  class=\"col-xs-6\" data-type=\"column\"><\/div>\n<\/div>\n<\/div>\n<\/div>\n<\/div>\n<\/div><div  id=\"umweltbewusst\" style=\"background-color: rgb(245, 250, 253); background-image: none;\" data-label=\"umweltbewusst\" data-id=\"content-3\" data-export-id=\"content-3\" data-category=\"content\" class=\"content-3 content-section content-section-spacing\">\n<div >\n<div  class=\"row middle-xs\">\n<div  class=\"col-sm-7 full-col-left-padding full-col-right-padding\">\n<div  class=\"row\">\n<div  data-type=\"column\" class=\"space-bottom-small content-title-col\">\n<h5  class=\"\">umweltbewu\u00dft<\/h5>\n<h2  class=\"\">Strom aus eigener Produktion<\/h2>\n<p  class=\"\">31% des Strombedarfs unseres Rechenzentrums decken wir aus eigener Produktion<\/p>\n\n<\/div>\n<\/div>\n<div  class=\"row spaced-cols\" data-type=\"row\">\n<div  class=\"col-xs-6\" data-type=\"column\">\n<h5  class=\"\">Photovoltaik<\/h5>\n<p  class=\"\">Mit unserer rund 80m\u00b2 gro\u00dfen Photovoltaik Anlage schaffen wir es jetzt schon rund 1\/3 unseres Energiebedarfes selbst zu erzeugen. Wir planen aber noch einen weiteren Ausbau!<\/p>\n\n<\/div>\n<div  class=\"col-xs-6\" data-type=\"column\">\n<h5  class=\"\">Strom aus erneuerbarer Energie<\/h5>\n<p  class=\"\">Zus\u00e4tzlich versorgen wir unser Rechenzentrum und unsere B\u00fcros nur mit Strom aus erneuerbarer Energie<\/p>\n\n<\/div>\n<\/div>\n<\/div>\n<div  class=\"col-sm-5 bg-image shadow-large-black revert-classes-holder\" data-bg=\"image\" style=\"background-image: url(&quot;https:\/\/datenzuhause.at\/wp-content\/uploads\/2019\/11\/u2.png&quot;);\"><\/div>\n<\/div>\n<\/div>\n<\/div>","protected":false},"excerpt":{"rendered":"<p>Onlinespeicher Serverstandort in der Steiermark! ExchangeService E-Mail, Kontakte und Kalendereint\u00e4gen auf alle Ihren Ger\u00e4ten. Backupservice 24 Stunden \u201a Wiederherstellungsservice in der Steiermark Internet f\u00fcr Thal wie es sein soll Wir bringen schnelles Internet mit unserem Glasfaser Partner bis nach Thal und jetzt Bandbreite (= schnelles Internet) in jedes Haus. Wir arbeiten mit Hochdruck am Ausbau&hellip; <br \/> <a class=\"read-more\" href=\"https:\/\/datenzuhause.at\/\">Read more<\/a><\/p>\n","protected":false},"author":1,"featured_media":0,"parent":0,"menu_order":0,"comment_status":"closed","ping_status":"closed","template":"page-templates\/homepage.php","meta":{"footnotes":""},"_links":{"self":[{"href":"https:\/\/datenzuhause.at\/index.php?rest_route=\/wp\/v2\/pages\/441"}],"collection":[{"href":"https:\/\/datenzuhause.at\/index.php?rest_route=\/wp\/v2\/pages"}],"about":[{"href":"https:\/\/datenzuhause.at\/index.php?rest_route=\/wp\/v2\/types\/page"}],"author":[{"embeddable":true,"href":"https:\/\/datenzuhause.at\/index.php?rest_route=\/wp\/v2\/users\/1"}],"replies":[{"embeddable":true,"href":"https:\/\/datenzuhause.at\/index.php?rest_route=%2Fwp%2Fv2%2Fcomments&post=441"}],"version-history":[{"count":1,"href":"https:\/\/datenzuhause.at\/index.php?rest_route=\/wp\/v2\/pages\/441\/revisions"}],"predecessor-version":[{"id":1384,"href":"https:\/\/datenzuhause.at\/index.php?rest_route=\/wp\/v2\/pages\/441\/revisions\/1384"}],"wp:attachment":[{"href":"https:\/\/datenzuhause.at\/index.php?rest_route=%2Fwp%2Fv2%2Fmedia&parent=441"}],"curies":[{"name":"wp","href":"https:\/\/api.w.org\/{rel}","templated":true}]}}