{"id":261,"date":"2019-04-16T17:18:16","date_gmt":"2019-04-16T15:18:16","guid":{"rendered":"https:\/\/datenzuhause.at\/?page_id=261"},"modified":"2020-03-19T14:28:37","modified_gmt":"2020-03-19T13:28:37","slug":"agb","status":"publish","type":"page","link":"https:\/\/datenzuhause.at\/?page_id=261","title":{"rendered":"AGB"},"content":{"rendered":"<div  class=\"content-section content-section-spacing\" id=\"initial-content-section\" style=\"background-image: none; background-color: rgb(255, 255, 255);\" data-label=\"Initial Content\" data-id=\"initial-content-section\" data-export-id=\"initial-content-section\">\n   <div  class=\"gridContainer\">\n     <div  class=\"row\">\n\n        <div  class=\"col-xs-12 col-sm-12\">                <p ><\/p>\n<p ><strong >Allgemeine Gesch\u00e4ftsbedingungen<\/strong><\/p>\n<p ><\/p>\n<p ><\/p>\n<p >Vielen Dank, dass Sie die Produkte der Datenzuhause GmbH nutzen!<\/p>\n<p ><\/p>\n<p ><\/p>\n<p >Diese Allgemeinen Gesch\u00e4ftsbedingungen (\u201eAGB\u201c) der Datenzuhause GmbH (nachfolgend Datenzuhause) regelt Ihren Zugriff auf unsere Dienste, Client-Software und Websites (\u201eDienste\u201c) sowie die Verwendung dieser. In unserer&nbsp;<strong ><a  href=\"https:\/\/datenzuhause.at?page_id=3\" data-cp-link=\"1\">Datenschutzerkl\u00e4rung<\/a><\/strong> wird erl\u00e4utert, wie wir Ihre Daten sammeln und verwenden, w\u00e4hrend in unseren <strong ><a  href=\"https:\/\/datenzuhause.at?page_id=277\" data-cp-link=\"1\">Nutzungsbedingungen<\/a><\/strong> Ihre Pflichten hinsichtlich der Nutzung unserer Dienste dargelegt werden. Mit der Verwendung unserer Dienste erkl\u00e4ren Sie sich mit diesen AGB einverstanden und nehmen unsere Datenschutzrichtlinien und Nutzungsbedingungen zur Kenntnis. Wenn Sie unsere Dienste f\u00fcr ein Unternehmen verwenden, stimmen Sie den AGBs im Namen dieses Unternehmens zu.<\/p>\n<p ><\/p>\n<p ><\/p>\n<p >Wenn Sie unsere Dienste verwenden, stellen Sie uns Daten wie Ihre Dateien, Inhalte, E-Mail-Nachrichten, Kontakte usw. bereit. Diese Daten geh\u00f6ren aber ausschlie\u00dflich Ihnen. Diese AGB verleihen uns keine Rechte an Ihren Daten, mit Ausnahme der beschr\u00e4nkten Rechte, die uns die M\u00f6glichkeit geben, diese Dienste anzubieten.<\/p>\n<p ><\/p>\n<p ><\/p>\n<p >Wir ben\u00f6tigen Ihre Genehmigung, um beispielsweise Ihre Daten zu hosten, zu sichern und sie auf Ihre Aufforderung hin freizugeben. Unsere Dienste bieten Ihnen auch Funktionen an wie Miniaturbilder von Fotos, Voransicht von Dokumenten, E-Mail-Organisation, leichtes Sortieren, Bearbeiten, Freigeben und Suchen. Diese und andere Funktionen erfordern den Zugriff und das Scannen Ihrer Daten durch unsere Systeme. Nur Sie erteilen uns die Genehmigung, diese Aufgaben auszuf\u00fchren.<\/p>\n<p ><\/p>\n<p ><\/p>\n<p >\u00dcber unsere Dienste k\u00f6nnen Sie Ihre Daten mit anderen teilen. \u00dcberlegen Sie bitte sorgf\u00e4ltig, wem Sie diese freigeben.<\/p>\n<p ><\/p>\n<p ><\/p>\n<p >Sie sind f\u00fcr Ihr Handeln verantwortlich und Ihre Daten m\u00fcssen jedenfalls unseren Nutzungsbedingungen entsprechen. Der Inhalt in den Diensten kann durch die Rechte des geistigen Eigentums gesch\u00fctzt sein. Sie sollten Inhalte nur dann kopieren, hochladen, herunterladen oder freigeben, wenn Sie auch das Recht dazu haben.<\/p>\n<p ><\/p>\n<p ><\/p>\n<p >Wir behalten uns das Recht vor, Ihr Handeln und Ihre Inhalte auf Einhaltung dieser AGB und unserer Nutzungsbedingungen zu \u00fcberpr\u00fcfen. Allerdings sind wir dazu nicht verpflichtet. Wir sind nicht f\u00fcr den Inhalt verantwortlich, den Nutzer posten und \u00fcber die Dienste freigeben.<\/p>\n<p ><\/p>\n<p ><\/p>\n<p >Bitte sch\u00fctzen Sie das Passwort zu den Diensten. Stelle sicher, dass Dritte keinen Zugang dazu haben und halten Sie Ihre Kontodaten immer auf dem neuesten Stand.<\/p>\n<p ><\/p>\n<p ><\/p>\n<p >Abschlie\u00dfend m\u00f6chten wir darauf hinweisen, dass unsere Dienste nicht f\u00fcr die Verwendung durch Kinder vorgesehen sind. Die Datenzuhause GmbH erfasst wissentlich keine personenbezogenen Daten von Kindern. Wenn Sie j\u00fcnger als 18 Jahre alt sind, m\u00fcssten Sie sich die Genehmigung ihrer Eltern oder Erziehungsberechtigten einholen, um diese Website und unsere Dienste zu verwenden.<\/p>\n<p ><\/p>\n<p ><\/p>\n<p ><strong >Software<\/strong><\/p>\n<p ><\/p>\n<p ><\/p>\n<p >Einige unserer Dienste gestatten das Herunterladen von Client-Software (\u201eSoftware\u201c), die automatisch aktualisiert werden kann. Solange sie diesen AGB entsprechen, erteilen wir Ihnen eine beschr\u00e4nkte, nicht ausschlie\u00dfliche, nicht \u00fcbertragbare, widerrufliche Lizenz, die Software ausschlie\u00dflich f\u00fcr den Zugriff auf die Dienste zu verwenden. Soweit eine Softwarekomponente unter einer quelloffenen Lizenz angeboten wird, machen wir die Lizenz f\u00fcr Sie verf\u00fcgbar. Die Bestimmungen der Lizenz k\u00f6nnen einige der Bedingungen in diesen AGB ausdr\u00fccklich aufheben.<\/p>\n<p ><\/p>\n<p ><\/p>\n<p ><strong >Eigentum<\/strong><\/p>\n<p ><\/p>\n<p ><\/p>\n<p >Unsere Dienste sind durch das Urheberrecht, Marken und andere Gesetze gesch\u00fctzt. Diese AGB verleihen Ihnen keine Rechte, keinen Titel oder Anspruch auf die Dienste, den Inhalt Anderer in den Diensten, die Datenzuhause-Marken, -Logos und anderen -Markenkennzeichen. Das Eigentum an den zur Verf\u00fcgung gestellten Ger\u00e4ten und Einrichtungen verbleibt bei der Datenzuhause GmbH. Die \u00fcber den normalen Gebrauch hinaus gehende Besch\u00e4digung der zur Verf\u00fcgung gestellten Ger\u00e4te und Einrichtungen f\u00fchrt zur Pflicht, diese der Datenzuhause GmbH zu ersetzen.&nbsp;<\/p>\n<p ><\/p>\n<p ><\/p>\n<p ><strong >Zahlungspflichtige<br >\nKonten<\/strong><\/p>\n<p ><\/p>\n<p ><\/p>\n<p ><em >Abrechnung:&nbsp;<\/em>Die Entgelte werden Ihnen entsprechend des von Ihnen bestellten Speicherplatzes, Dienstes usw. verrechnet. Die Rechnungslegung erfolgt in elektronischer Form jeweils in monatlichen Intervallen im Voraus. Die Rechnung liegt in der Kontoverwaltung unter \u201emein Konto\u201c f\u00fcr Sie bereit. Die Bezahlung kann wahlweise per SEPA-Lastschrift (Bankeinzug), Sofort\u00fcberweisung, Kreditkarte oder Paypal erfolgen.<\/p>\n<p ><\/p>\n<p ><\/p>\n<p ><em >Keine R\u00fcckerstattung:<\/em> Sie k\u00f6nnen Ihr zahlungspflichtiges Datenzuhause-Konto jederzeit k\u00fcndigen (Ausnahme: Individual- und Sondervereinbarungen), erhalten aber keinerlei R\u00fcckerstattung. Ihr kostenpflichtiges Konto bleibt solange bestehen, bis Sie es gem\u00e4\u00df diesen AGBs k\u00fcndigen. Diese K\u00fcndigung hat schriftlich per E-mail an <strong ><a  href=\"mailto:kuendigung@datenzuhause.at\" data-cp-link=\"1\">kuendigung@datenzuhaus.at<\/a><\/strong> zu erfolgen. Wenn Sie Ihr kostenpflichtiges Konto nicht rechtzeitig begleichen, behalten wir uns das Recht vor, es zu k\u00fcndigen oder den Speicherplatz auf eine kostenlose Speicherplatzmenge zu senken. Eine Aufrechnung von tats\u00e4chlichen oder behaupteten Forderungen an die Datenzuhause GmbH gegen\u00fcber Forderungen der Datenzuhause GmbH an Kunden und Lieferanten ist nicht zul\u00e4ssig.<\/p>\n<p ><\/p>\n<p ><\/p>\n<p >Wir k\u00f6nnen die derzeit geltenden Geb\u00fchren und Preise \u00e4ndern, benachrichtigen Sie jedoch zuvor per E-Mail an die von Ihnen bekanntgegebene E-Mail Adresse.<\/p>\n<p ><\/p>\n<p ><\/p>\n<p ><strong >Verwendung der<br >\nKonten f\u00fcr Unternehmen<\/strong><\/p>\n<p ><\/p>\n<p ><\/p>\n<p >Wenn Sie ein Datenzuhause-Konto f\u00fcr Unternehmen betreten, sind Sie verpflichtet, es in \u00dcbereinstimmung mit den Bedingungen und Richtlinien Ihres Arbeitgebers zu verwenden. Bitte beachten Sie das dieses Konto der Kontrolle Ihres Arbeitgebers unterliegt. Die Administratoren k\u00f6nnen auf die Informationen Ihres Datenzuhause-Kontos f\u00fcr Unternehmen zugreifen, sie offenlegen, beschr\u00e4nken oder Sie aus dem Konto entfernen. Andererseits k\u00f6nnen Sie auch den Zugriff auf ein Datenzuhause-Konto &nbsp;f\u00fcr Unternehmen beschr\u00e4nken oder unterbinden. Wenn Sie ein bestehendes Konto in ein Konto f\u00fcr Unternehmen-Konto umwandeln, k\u00f6nnen Ihre Administratoren diese Verkn\u00fcpfung verhindern oder zu einem sp\u00e4teren Zeitpunkt aufheben.<\/p>\n<p ><\/p>\n<p ><\/p>\n<p >Wenn Sie sich mit einer von Ihrem Arbeitgeber bereitgestellten E-Mail-Adresse f\u00fcr ein Datenzuhause-Konto registriert haben, kann Ihr Arbeitgeber die Verwendung des Datenzuhause-Kontos sperren, bis Sie Ihr Datenzuhause-Konto mit einer privaten E-Mail-Adresse verkn\u00fcpfen.<\/p>\n<p ><\/p>\n<p ><\/p>\n<p ><strong >Beendigung der<br >\nNutzung<\/strong><\/p>\n<p ><\/p>\n<p ><\/p>\n<p >Sie k\u00f6nnen die Dienste &nbsp;der Datenzuhause GmbH jederzeit k\u00fcndigen (Ausnahme: Individual- und Sondervereinbarungen), K\u00fcndigungsfrist 4 Wochen zum jeweiligen Monatsende. Diese K\u00fcndigung hat schriftlich per E-Mail an <strong ><a  href=\"mailto:kuendigung@datenzuhause.at\" data-cp-link=\"1\">kuendigung@datenzuhause.at<\/a><\/strong> zu erfolgen. Wir behalten uns das Recht vor, die Dienste nach eigenem Ermessen, zu einem frei w\u00e4hlbaren Datum und ohne vorherige Benachrichtigung zu k\u00fcndigen. Wir sperren oder unterbinden beispielsweise die Verwendung der Dienste, wenn Sie die hier angegebenen AGBs nicht einhalten oder auf eine Weise verwenden, durch die f\u00fcr uns ein Haftungsrisiko entsteht, die Dienste unterbrechen oder die Verwendung der Dienste durch andere unterbrechen. Selbstverst\u00e4ndlich setzen wir Sie dar\u00fcber per E-Mail an die von Ihnen bekannt gegebene E-Mail-Adresse in Kenntnis.<\/p>\n<p ><\/p>\n<p ><\/p>\n<p ><strong >Haftungsausschluss<\/strong><\/p>\n<p ><\/p>\n<p ><\/p>\n<p >Wir bem\u00fchen uns, jederzeit hervorragende Dienste bereitzustellen. Die st\u00e4ndige und fehlerfreie Verf\u00fcgbarkeit Ihrer Daten kann aus technischen Gr\u00fcnden nicht garantiert werden. Sie erkl\u00e4ren sich ausdr\u00fccklich damit einverstanden, dass die Nutzung unserer Website auf eigene Gefahr und eigenes Risiko erfolgt. Sie stimmen zu, dass Sie alleine f\u00fcr etwaige Sch\u00e4den, etwa in Bezug auf Ihre Unternehmenst\u00e4tigkeit, an Ihrem Computersystem oder f\u00fcr Datenverlust verantwortlich sind, die durch den Zugang zu, die Nutzung oder das Herunterladen von der Website entstehen k\u00f6nnten.<br > Die auf dieser Website verf\u00fcgbaren Inhalte dienen lediglich einer unverbindlichen Information. Die Datenzuhause GmbH weist \u2013 abgesehen von vors\u00e4tzlicher Sch\u00e4digung \u2013 jegliche Art von Haftung und Gew\u00e4hrleistung im maximal zul\u00e4ssigen Ausma\u00df der anzuwendenden Gesetze zur\u00fcck. Die Nutzung unserer Website und der verf\u00fcgbaren Inhalte erfolgt auf das ausschlie\u00dfliche Risiko des Nutzers, der im maximal zul\u00e4ssigen Ausma\u00df auf eine Haftung der Datenzuhause GmbH jedweder Art verzichtet. Die Datenzuhause GmbH erkl\u00e4rt ausdr\u00fccklich keinesfalls stillschweigend oder schl\u00fcssig von der Haftungsbeschr\u00e4nkung abgehen zu wollen.<br > Die Datenzuhause GmbH haftet weder f\u00fcr die Verwertbarkeit, Richtigkeit, Sach- und Rechtsm\u00e4ngelfreiheit der Information und deren Eignung f\u00fcr einen bestimmten Zweck.<br > Die Datenzuhause GmbH \u00fcbernimmt keine Gew\u00e4hr, dass diese Website oder ihr Inhalt die Anforderungen ihrer Besucher erf\u00fcllt oder dass die Website und ihr Inhalt richtig, rechtm\u00e4\u00dfig, ohne Unterbrechung, zeitgerecht, sicher oder fehlerfrei zur Verf\u00fcgung stehen oder dass etwaige Fehler korrigiert werden. Weiters \u00fcbernimmt die Datenzuhause GmbH keine Gew\u00e4hrleistung f\u00fcr Folgen, die durch die Nutzung der Website oder ihres Inhalts entstehen oder f\u00fcr die Genauigkeit, Vollst\u00e4ndigkeit oder Zuverl\u00e4ssigkeit der auf der Website bereitgestellten Informationen.<\/p>\n<p ><\/p>\n<p ><\/p>\n<p >Unter keinen Umst\u00e4nden, auch nicht bei Fahrl\u00e4ssigkeit, kann Datenzuhause f\u00fcr irgendwelche direkten, indirekten, zuf\u00e4lligen oder speziellen Sch\u00e4den oder Folgesch\u00e4den zur Verantwortung gezogen werden, die durch die Nutzung oder Nicht-Nutzbarkeit der Website oder durch deren Inhalt, unbefugten Zugriff, Daten\u00e4nderung oder andere Informationen, die gesendet oder empfangen oder nicht gesendet oder nicht empfangen werden, entstanden sind, inklusive aber nicht beschr\u00e4nkt auf Sch\u00e4den durch entgangenen Gewinn, Datenverlust oder anderer immaterieller Werte, auch wenn die Datenzuhause GmbH auf die M\u00f6glichkeit solcher Sch\u00e4den hingewiesen worden ist. Dies gilt nicht im Falle des Vorsatzes und f\u00fcr den Fall, dass eine Haftung gesetzlich zwingend vorgeschrieben ist.<\/p>\n<p ><\/p>\n<p ><\/p>\n<p >Falls die Nutzung dieser Website bzw. der auf ihr angebotenen Inhalte dazu f\u00fchrt, dass Ihre Ger\u00e4te \/ Daten gewartet, repariert, ausgetauscht oder in irgend einer Weise korrigieren werden m\u00fcssen, \u00fcbernimmt die Datenzuhause GmbH hierf\u00fcr keinerlei Kosten. Sollten von der Datenzuhause GmbH angebotene Dienste und Leistungen wegen h\u00f6herer Gewalt (z.B. Unterbrechung der notwendigen Kommunikations- und Zustellwege, Strassen usw.) nicht, nicht vollumf\u00e4nglich bzw. rechtzeitig im Sinne der beschriebenen Dienste und Leistungen erbracht werden k\u00f6nnen, so haftet sie nicht f\u00fcr allf\u00e4llige Folgen und Sch\u00e4den aus dieser Teil- und Nichterbringung und leistet keinen wie auch immer gearteten Schadenersatz.<\/p>\n<p ><\/p>\n<p ><\/p>\n<p ><strong >Allgemeines und<br >\nGerichtsstand<\/strong><\/p>\n<p ><\/p>\n<p ><\/p>\n<p >Solltest Sie Probleme mit der Datenzuhause GmbH haben, sind wir bem\u00fcht diese, ohne Unterst\u00fctzung eines Gerichts, aus der Welt schaffen. Bevor Sie rechtliche Schritte gegen uns einreichen, kontaktieren Sie  uns bitte unter <strong ><a  href=\"mailto:office@datenzuhause.at\" data-cp-link=\"1\">office@datenzuhause.at<\/a><\/strong>. Wir bem\u00fchen uns, die Streitigkeit informell per E-Mail beizulegen. Sollte eine Streitigkeit nicht innerhalb von 15 Tagen nach Vorbringen beigelegt sein, k\u00f6nnen Sie oder auch wir ein formelles Verfahren einleiten.<\/p>\n<p ><\/p>\n<p ><\/p>\n<p ><em >Gerichtsstand: <\/em>Sie<em > <\/em>und die Datenzuhause GmbH kommen \u00fcberein, dass ausschlie\u00dflich \u00f6sterreichisches Recht gilt. Bei der Nutzung der Website d\u00fcrfen Sie nicht gegen \u00f6sterreichische Gesetze und Verordnungen versto\u00dfen. Sollten Sie die Website au\u00dferhalb \u00d6sterreichs nutzen, geschieht dies auf Eigeninitiative. Folglich sind Sie selbst daf\u00fcr verantwortlich, die lokale Gesetzgebung einzuhalten. Rechtsverfahren mit Bezug auf Anspr\u00fcche, die gegen diese AGBs vorgebracht werden, werden vor dem sachlich zust\u00e4ndigen Gericht am Sitz des Unternehmens, somit in Graz, ausgetragen. Sowohl Sie als auch die Datenzuhause GmbH stimmen dem Gerichtsstand und der Rechtsprechung durch dieses Gericht zu.<\/p>\n<p ><\/p>\n<p ><\/p>\n<p ><strong >Gesamte<br >\nVereinbarung<\/strong><\/p>\n<p ><\/p>\n<p ><\/p>\n<p >Diese AGBs stellen hinsichtlich des hier festgelegten Gegenstands die gesamte Vereinbarung zwischen Ihnen und Datenzuhause GmbH dar und heben alle vorherigen oder gleichzeitig vorhandenen Vereinbarungen zu diesem Gegenstand auf. Es werden keine Rechte zugunsten Dritter einger\u00e4umt.<\/p>\n<p ><\/p>\n<p ><\/p>\n<p >Jegliches Vers\u00e4umnis der Datenzuhause GmbH, eine Klausel nicht geltend zu machen, bedeutet nicht, dass sie zu einem sp\u00e4teren Zeitpunkt nicht gilt. Sollte eine Klausel f\u00fcr nichtig befunden werden, bleibt die G\u00fcltigkeit der \u00fcbrigen AGBs hiervon unber\u00fchrt und sie wird durch eine durchsetzbare Bedingung, die unseren Absichten weitgehend entspricht, ersetzt. Die unter diesen AGBs erteilten Rechte sind nicht \u00fcbertragbar und jeder dahingehende Versuch ist ung\u00fcltig. Die Datenzuhause GmbH kann ihre Rechte oder die ihrer Vertragspartner oder Tochtergesellschaften einem Interessensnachfolger eines beliebigen Unternehmens mit Bezug zu unseren Diensten \u00fcbertragen.<\/p>\n<p ><\/p>\n<p ><\/p>\n<p ><strong >\u00c4nderungen<\/strong><\/p>\n<p ><\/p>\n<p ><\/p>\n<p >Die Datenzuhause beh\u00e4lt sich das Recht vor, diese AGBs zu jeglichem Zeitpunkt zu \u00e4ndern. Die aktuelle Version ist von unserer Website abrufbar. Sie werden per E-Mail an die von Ihnen bekanntgegebene E-Mail Adresse davon in Kenntnis gesetzt. Sie stimmen den \u00c4nderungen der AGBs mit der weiteren Nutzung der Dienste zu.<\/p>\n<p ><\/p>\n<p ><\/p>\n<p >Ver\u00f6ffentlicht am 17. April 2019<\/p>\n<p ><\/p>\n\n          <\/div>\n      <\/div>\n  <\/div>\n<\/div>","protected":false},"excerpt":{"rendered":"<p>Allgemeine Gesch\u00e4ftsbedingungen Vielen Dank, dass Sie die Produkte der Datenzuhause GmbH nutzen! Diese Allgemeinen Gesch\u00e4ftsbedingungen (\u201eAGB\u201c) der Datenzuhause GmbH (nachfolgend Datenzuhause) regelt Ihren Zugriff auf unsere Dienste, Client-Software und Websites (\u201eDienste\u201c) sowie die Verwendung dieser. In unserer&nbsp;Datenschutzerkl\u00e4rung wird erl\u00e4utert, wie wir Ihre Daten sammeln und verwenden, w\u00e4hrend in unseren Nutzungsbedingungen Ihre Pflichten hinsichtlich der Nutzung&hellip; <br \/> <a class=\"read-more\" href=\"https:\/\/datenzuhause.at\/?page_id=261\">Read more<\/a><\/p>\n","protected":false},"author":1,"featured_media":0,"parent":0,"menu_order":0,"comment_status":"closed","ping_status":"closed","template":"pro\/page-templates\/full-width-page.php","meta":{"footnotes":""},"_links":{"self":[{"href":"https:\/\/datenzuhause.at\/index.php?rest_route=\/wp\/v2\/pages\/261"}],"collection":[{"href":"https:\/\/datenzuhause.at\/index.php?rest_route=\/wp\/v2\/pages"}],"about":[{"href":"https:\/\/datenzuhause.at\/index.php?rest_route=\/wp\/v2\/types\/page"}],"author":[{"embeddable":true,"href":"https:\/\/datenzuhause.at\/index.php?rest_route=\/wp\/v2\/users\/1"}],"replies":[{"embeddable":true,"href":"https:\/\/datenzuhause.at\/index.php?rest_route=%2Fwp%2Fv2%2Fcomments&post=261"}],"version-history":[{"count":30,"href":"https:\/\/datenzuhause.at\/index.php?rest_route=\/wp\/v2\/pages\/261\/revisions"}],"predecessor-version":[{"id":1071,"href":"https:\/\/datenzuhause.at\/index.php?rest_route=\/wp\/v2\/pages\/261\/revisions\/1071"}],"wp:attachment":[{"href":"https:\/\/datenzuhause.at\/index.php?rest_route=%2Fwp%2Fv2%2Fmedia&parent=261"}],"curies":[{"name":"wp","href":"https:\/\/api.w.org\/{rel}","templated":true}]}}