{"id":1163,"date":"2021-11-21T06:29:50","date_gmt":"2021-11-21T05:29:50","guid":{"rendered":"https:\/\/datenzuhause.at\/?page_id=1163"},"modified":"2022-09-11T08:02:26","modified_gmt":"2022-09-11T06:02:26","slug":"gratis-e-mail-fuer-thaler","status":"publish","type":"page","link":"https:\/\/datenzuhause.at\/?page_id=1163","title":{"rendered":"E-Mail Adresse f\u00fcr Thaler"},"content":{"rendered":"<div  data-label=\"About\" data-id=\"about--1\" data-export-id=\"about-10\" data-category=\"about\" class=\"about-10 content-section content-section-spacing\" id=\"about-1\" style=\"background-color: rgb(255, 255, 255);\"><div  class=\"gridContainer\"> <div  class=\"row middle-sm text-center\"><div  class=\"col-sm-5 space-bottom-xs content-column\" data-type=\"column\">  <h2  class=\"\">die E-Mail Adresse f\u00fcr alle THALER B\u00fcrgerInnen <span  style=\"font-family: verdana, geneva, sans-serif; font-weight: 700;\" href=\"#\">\n<\/span><\/h2>  <h1  class=\"\">@thal.st<\/h1><p  class=\"\"><span  style=\"font-weight: 300;\">f\u00fcr nur \u20ac 12,00\/Jahr<br >\njeder Internetkunde bekommt<br >\neine gratis E-Mail Adresse. Einfach eine E-Mail mit eurem Namen und Adresse, sowie eure Wunschadresse an <a data-mce-href=\"mailto:mail@thal.st\" href=\"mailto:mail@thal.st\" target=\"_self\" data-mce-selected=\"inline-boundary\" data-cp-link=\"1\" rel=\"noopener\">mail@thal.st<\/a> schicken. Einzige Bedingung, du bist in Thal wohnhaft.<\/span><span  id=\"_mce_caret\" data-mce-bogus=\"1\" data-mce-type=\"format-caret\"><span  style=\"font-weight: 300;\"><\/span><\/span><\/p><a class=\"button big force-shadow color1\" href=\"mailto:office@datenzuhause.at\" target=\"_self\" data-cp-link=\"1\" data-icon=\"\" rel=\"noopener\">jetzt E-Mail senden<\/a><\/div> <div  class=\"col-sm-7 flexbox middle-xs center-xs space-bottom-xs\"><div  class=\"overlay-box middle-xs center-xs flexbox\"> <div  class=\"overlay-box-offset offset-border shadow-medium border-color1 hide-xs\"><\/div> <img decoding=\"async\"  class=\"shadow-large\" data-size=\"485x705\" src=\"https:\/\/datenzuhause.at\/wp-content\/uploads\/2021\/11\/cropped-background.png\" title=\"cropped-background.png\" alt=\"E-Mail Adresse f\u00fcr Thaler\"><\/div> <\/div><\/div> <\/div><\/div>","protected":false},"excerpt":{"rendered":"<p>die E-Mail Adresse f\u00fcr alle THALER B\u00fcrgerInnen @thal.stf\u00fcr nur \u20ac 12,00\/Jahr jeder Internetkunde bekommt eine gratis E-Mail Adresse. Einfach eine E-Mail mit eurem Namen und Adresse, sowie eure Wunschadresse an mail@thal.st schicken. Einzige Bedingung, du bist in Thal wohnhaft.jetzt E-Mail senden<\/p>\n","protected":false},"author":1,"featured_media":0,"parent":0,"menu_order":0,"comment_status":"closed","ping_status":"closed","template":"pro\/page-templates\/full-width-page.php","meta":{"footnotes":""},"_links":{"self":[{"href":"https:\/\/datenzuhause.at\/index.php?rest_route=\/wp\/v2\/pages\/1163"}],"collection":[{"href":"https:\/\/datenzuhause.at\/index.php?rest_route=\/wp\/v2\/pages"}],"about":[{"href":"https:\/\/datenzuhause.at\/index.php?rest_route=\/wp\/v2\/types\/page"}],"author":[{"embeddable":true,"href":"https:\/\/datenzuhause.at\/index.php?rest_route=\/wp\/v2\/users\/1"}],"replies":[{"embeddable":true,"href":"https:\/\/datenzuhause.at\/index.php?rest_route=%2Fwp%2Fv2%2Fcomments&post=1163"}],"version-history":[{"count":1,"href":"https:\/\/datenzuhause.at\/index.php?rest_route=\/wp\/v2\/pages\/1163\/revisions"}],"predecessor-version":[{"id":1321,"href":"https:\/\/datenzuhause.at\/index.php?rest_route=\/wp\/v2\/pages\/1163\/revisions\/1321"}],"wp:attachment":[{"href":"https:\/\/datenzuhause.at\/index.php?rest_route=%2Fwp%2Fv2%2Fmedia&parent=1163"}],"curies":[{"name":"wp","href":"https:\/\/api.w.org\/{rel}","templated":true}]}}